{"id":25,"date":"2020-06-10T13:06:47","date_gmt":"2020-06-10T13:06:47","guid":{"rendered":"https:\/\/svenballmann.de\/?page_id=25"},"modified":"2025-09-30T13:17:16","modified_gmt":"2025-09-30T11:17:16","slug":"home","status":"publish","type":"page","link":"https:\/\/svenballmann.de\/startseite\/","title":{"rendered":"Home"},"content":{"rendered":"\t\t<div data-elementor-type=\"wp-page\" data-elementor-id=\"25\" class=\"elementor elementor-25\">\n\t\t\t\t\t\t\t\t\t<section class=\"elementor-section elementor-top-section elementor-element elementor-element-88efb68 elementor-section-boxed elementor-section-height-default elementor-section-height-default\" data-id=\"88efb68\" data-element_type=\"section\">\n\t\t\t\t\t\t<div class=\"elementor-container elementor-column-gap-default\">\n\t\t\t\t\t<div class=\"elementor-column elementor-col-100 elementor-top-column elementor-element elementor-element-36d0fc2\" data-id=\"36d0fc2\" data-element_type=\"column\">\n\t\t\t<div class=\"elementor-widget-wrap elementor-element-populated\">\n\t\t\t\t\t\t\t\t<div class=\"elementor-element elementor-element-be516a6 elementor-widget elementor-widget-breezycv-home-page-second\" data-id=\"be516a6\" data-element_type=\"widget\" data-widget_type=\"breezycv-home-page-second.default\">\n\t\t\t\t<div class=\"elementor-widget-container\">\n\t\t\t\r\n\t\t<div class=\"section-content vcentered home-page-second-style\">\r\n\r\n\t\t\t<div id=\"home_content_be516a6\" class=\"home-content\">\r\n\t\t\t    <div class=\"row flex-v-align\">\r\n\t\t\t        <div class=\"col-sm-12 col-md-5 col-lg-5\">\r\n\t\t\t            <div class=\"home-photo\">\r\n\t\t\t                <div class=\"hp-inner\" style=\"background-image: url()\"><\/div>\r\n\t\t\t            <\/div>\r\n\t\t\t            \t\t\t            <div class=\"hp-dots\"><\/div>\r\n\t\t\t        \t\t\t\t        <\/div>\r\n\r\n\t\t\t        <div class=\"col-sm-12 col-md-7 col-lg-7\">\r\n\t\t\t            <div class=\"home-text\">\r\n\t\t\t                \t\t\t                <div class=\"owl-carousel text-rotation\">                                    \r\n\t\t\t                    \t\t\t                        <div class=\"item\">\r\n\t\t\t                            <h4>Online Marketing Manager<\/h4>\r\n\t\t\t                        <\/div>\r\n\t\t\t                    \t\t\t                        <div class=\"item\">\r\n\t\t\t                            <h4>Online Sales Supporter<\/h4>\r\n\t\t\t                        <\/div>\r\n\t\t\t                    \t\t\t                <\/div>\r\n\t\t\t                \t\t\t                <h1>Sven Ballmann<\/h1>\r\n\t\t\t                <p>Meine Kunden beauftragen mich, weil sie meine Vielf\u00e4ltigkeit und langj\u00e4hrige Expertise im Online Business sch\u00e4tzen.\n\nIch bezeichne mich selber gerne als EIERLEGENE-WOLL-MILCH-SAU \ud83d\ude06\n\nWer sein Business gerade selber aufbaut, merkt schnell, wie viele Skills ben\u00f6tigt werden.\n \nDamit Du dir diese Skills nicht alle selber aneignen musst, halte ich dir den R\u00fccken frei und k\u00fcmmere mich beispielsweise um deine Social Media Auftritte und deinen Website-Content.<\/p>\r\n\t\t\t                \t\t\t                   <div class=\"home-buttons\">\r\n\t\t\t                    \t\t\t\t                        <a href=\"https:\/\/svenballmann.de\/wp-content\/uploads\/2024\/01\/Sven-Ballmann-Portfolio.pdf\" target=\"yes\" class=\"btn btn-primary\">Download Portfolio PDF<\/a>\r\n\t\t\t                    \t\t\t\t\t                        <a href=\"https:\/\/svenballmann.de\/#kontakt\" target=\"yes\" class=\"btn btn-secondary\">Kontakt<\/a>\r\n\t\t\t                    \t\t\t\t                    <\/div>\r\n\t\t\t                    \t\t\t            <\/div>\r\n\t\t\t        <\/div>\r\n\t\t\t    <\/div>\r\n\t\t\t<\/div>\r\n\r\n        <\/div>\r\n\r\n        \t\t<\/div>\n\t\t\t\t<\/div>\n\t\t\t\t\t<\/div>\n\t\t<\/div>\n\t\t\t\t\t\t\t<\/div>\n\t\t<\/section>\n\t\t\t\t<section class=\"elementor-section elementor-top-section elementor-element elementor-element-6353276 elementor-section-boxed elementor-section-height-default elementor-section-height-default\" data-id=\"6353276\" data-element_type=\"section\">\n\t\t\t\t\t\t<div class=\"elementor-container elementor-column-gap-default\">\n\t\t\t\t\t<div class=\"elementor-column elementor-col-100 elementor-top-column elementor-element elementor-element-4f5cebd\" data-id=\"4f5cebd\" data-element_type=\"column\">\n\t\t\t<div class=\"elementor-widget-wrap elementor-element-populated\">\n\t\t\t\t\t\t\t\t<div class=\"elementor-element elementor-element-dfaa64a elementor-widget elementor-widget-spacer\" data-id=\"dfaa64a\" data-element_type=\"widget\" data-widget_type=\"spacer.default\">\n\t\t\t\t<div class=\"elementor-widget-container\">\n\t\t\t\t\t<div class=\"elementor-spacer\">\n\t\t\t<div class=\"elementor-spacer-inner\"><\/div>\n\t\t<\/div>\n\t\t\t\t<\/div>\n\t\t\t\t<\/div>\n\t\t\t\t<div class=\"elementor-element elementor-element-925db9c elementor-widget elementor-widget-breezycv-block-title\" data-id=\"925db9c\" data-element_type=\"widget\" data-widget_type=\"breezycv-block-title.default\">\n\t\t\t\t<div class=\"elementor-widget-container\">\n\t\t\t<div class=\"block-title\"><h2>Meine  <span>Fachgebiete<\/span><\/h2><\/div>\t\t<\/div>\n\t\t\t\t<\/div>\n\t\t\t\t\t<\/div>\n\t\t<\/div>\n\t\t\t\t\t\t\t<\/div>\n\t\t<\/section>\n\t\t\t\t<section class=\"elementor-section elementor-top-section elementor-element elementor-element-2810c44 elementor-section-boxed elementor-section-height-default elementor-section-height-default\" data-id=\"2810c44\" data-element_type=\"section\">\n\t\t\t\t\t\t<div class=\"elementor-container elementor-column-gap-default\">\n\t\t\t\t\t<div class=\"elementor-column elementor-col-50 elementor-top-column elementor-element elementor-element-742ee06\" data-id=\"742ee06\" data-element_type=\"column\">\n\t\t\t<div class=\"elementor-widget-wrap elementor-element-populated\">\n\t\t\t\t\t\t\t\t<div class=\"elementor-element elementor-element-31d9f34 elementor-widget elementor-widget-breezycv-service\" data-id=\"31d9f34\" data-element_type=\"widget\" data-widget_type=\"breezycv-service.default\">\n\t\t\t\t<div class=\"elementor-widget-container\">\n\t\t\t\t\t<div class=\"info-list-w-icon\">\r\n\t\t\t<div class=\"info-block-w-icon\">\r\n\t\t\t\t<div class=\"ci-icon\">\r\n\t\t\t\t\t<i aria-hidden=\"true\" class=\"lnr lnr-store\"><\/i>\t\t\t\t<\/div>\r\n\t\t\t\t<div class=\"ci-text\">\r\n\t\t\t\t\t<h4>Ecommerce<\/h4>\r\n\t\t\t\t\t<p>Wenn ein kleiner Shop ben\u00f6tigt wird auf Basis von Shopify, dann bin ich genau der richtige Ansprechpartner. Gr\u00f6\u00dfere L\u00f6sungen \u00fcberlasse ich lieber den Kollegen.<\/p>\r\n\t\t\t\t<\/div>\r\n\t\t\t<\/div>\r\n\t\t<\/div>\r\n\t\t\t\t<\/div>\n\t\t\t\t<\/div>\n\t\t\t\t<div class=\"elementor-element elementor-element-5fb44c4 elementor-widget elementor-widget-breezycv-service\" data-id=\"5fb44c4\" data-element_type=\"widget\" data-widget_type=\"breezycv-service.default\">\n\t\t\t\t<div class=\"elementor-widget-container\">\n\t\t\t\t\t<div class=\"info-list-w-icon\">\r\n\t\t\t<div class=\"info-block-w-icon\">\r\n\t\t\t\t<div class=\"ci-icon\">\r\n\t\t\t\t\t<i aria-hidden=\"true\" class=\"lnr lnr-laptop-phone\"><\/i>\t\t\t\t<\/div>\r\n\t\t\t\t<div class=\"ci-text\">\r\n\t\t\t\t\t<h4>Web Design<\/h4>\r\n\t\t\t\t\t<p>Zielgruppengerechtes Websdesign und Grafiken f\u00fcr die richtige Ansprache das sind meine Fachbereiche. Eine Website zu erstellen in WordPress ist mein t\u00e4gliches Brot. F\u00fcr komplexe Anwendeungen habe ich ein gutes Netzwerk an Webentwicklern.<\/p>\r\n\t\t\t\t<\/div>\r\n\t\t\t<\/div>\r\n\t\t<\/div>\r\n\t\t\t\t<\/div>\n\t\t\t\t<\/div>\n\t\t\t\t\t<\/div>\n\t\t<\/div>\n\t\t\t\t<div class=\"elementor-column elementor-col-50 elementor-top-column elementor-element elementor-element-09a986a\" data-id=\"09a986a\" data-element_type=\"column\">\n\t\t\t<div class=\"elementor-widget-wrap elementor-element-populated\">\n\t\t\t\t\t\t\t\t<div class=\"elementor-element elementor-element-aadc7bf elementor-widget elementor-widget-breezycv-service\" data-id=\"aadc7bf\" data-element_type=\"widget\" data-widget_type=\"breezycv-service.default\">\n\t\t\t\t<div class=\"elementor-widget-container\">\n\t\t\t\t\t<div class=\"info-list-w-icon\">\r\n\t\t\t<div class=\"info-block-w-icon\">\r\n\t\t\t\t<div class=\"ci-icon\">\r\n\t\t\t\t\t<i aria-hidden=\"true\" class=\"lnr lnr-pencil\"><\/i>\t\t\t\t<\/div>\r\n\t\t\t\t<div class=\"ci-text\">\r\n\t\t\t\t\t<h4>Copywriting<\/h4>\r\n\t\t\t\t\t<p>Texte und emotionale Botschaften, den richtigen Ton zu treffen und die Sprache der Zielgruppe zu sprechen, das ist eine meiner Leidenschaften. Auch KI-Tools helfen mir dabei meine arbeit zu erledigen.<\/p>\r\n\t\t\t\t<\/div>\r\n\t\t\t<\/div>\r\n\t\t<\/div>\r\n\t\t\t\t<\/div>\n\t\t\t\t<\/div>\n\t\t\t\t<div class=\"elementor-element elementor-element-3c86a6e elementor-widget elementor-widget-breezycv-service\" data-id=\"3c86a6e\" data-element_type=\"widget\" data-widget_type=\"breezycv-service.default\">\n\t\t\t\t<div class=\"elementor-widget-container\">\n\t\t\t\t\t<div class=\"info-list-w-icon\">\r\n\t\t\t<div class=\"info-block-w-icon\">\r\n\t\t\t\t<div class=\"ci-icon\">\r\n\t\t\t\t\t<i aria-hidden=\"true\" class=\"lnr lnr-flag\"><\/i>\t\t\t\t<\/div>\r\n\t\t\t\t<div class=\"ci-text\">\r\n\t\t\t\t\t<h4>Interim-T\u00e4tigkeiten<\/h4>\r\n\t\t\t\t\t<p>Der Fachkr\u00e4ftemangel ist in jeder Branche zu sp\u00fcren. Damit kleine Unternehmen ihre Personalkosten skalieren k\u00f6nnen und g\u00f6\u00dfere Unternehmen Engp\u00e4sse \u00fcberbr\u00fccken k\u00f6nnen, biete ich meine Expertise gelegentlich auch als Interim Marketingfachmann an.<\/p>\r\n\t\t\t\t<\/div>\r\n\t\t\t<\/div>\r\n\t\t<\/div>\r\n\t\t\t\t<\/div>\n\t\t\t\t<\/div>\n\t\t\t\t\t<\/div>\n\t\t<\/div>\n\t\t\t\t\t\t\t<\/div>\n\t\t<\/section>\n\t\t\t\t<section class=\"elementor-section elementor-top-section elementor-element elementor-element-5673654 elementor-section-boxed elementor-section-height-default elementor-section-height-default\" data-id=\"5673654\" data-element_type=\"section\">\n\t\t\t\t\t\t<div class=\"elementor-container elementor-column-gap-default\">\n\t\t\t\t\t<div class=\"elementor-column elementor-col-100 elementor-top-column elementor-element elementor-element-c310cfa\" data-id=\"c310cfa\" data-element_type=\"column\">\n\t\t\t<div class=\"elementor-widget-wrap elementor-element-populated\">\n\t\t\t\t\t\t\t\t<div class=\"elementor-element elementor-element-4687c3c elementor-widget elementor-widget-spacer\" data-id=\"4687c3c\" data-element_type=\"widget\" data-widget_type=\"spacer.default\">\n\t\t\t\t<div class=\"elementor-widget-container\">\n\t\t\t\t\t<div class=\"elementor-spacer\">\n\t\t\t<div class=\"elementor-spacer-inner\"><\/div>\n\t\t<\/div>\n\t\t\t\t<\/div>\n\t\t\t\t<\/div>\n\t\t\t\t<div class=\"elementor-element elementor-element-ec4e7c4 elementor-widget elementor-widget-breezycv-block-title\" data-id=\"ec4e7c4\" data-element_type=\"widget\" data-widget_type=\"breezycv-block-title.default\">\n\t\t\t\t<div class=\"elementor-widget-container\">\n\t\t\t<div class=\"block-title\"><h2><span>3 gute Gr\u00fcnde<\/span> mich ins Boot zu holen.<\/h2><\/div>\t\t<\/div>\n\t\t\t\t<\/div>\n\t\t\t\t<div class=\"elementor-element elementor-element-2a601ca elementor-widget elementor-widget-text-editor\" data-id=\"2a601ca\" data-element_type=\"widget\" data-widget_type=\"text-editor.default\">\n\t\t\t\t<div class=\"elementor-widget-container\">\n\t\t\t\t\t\t\t<p>1. Wenn du Einzelunternehmer bist und deine Kosten f\u00fcr Agenturen explodieren.<\/p><p>2. Wenn du einen interim Marketingverantwortlichen in dein Unternhmen holen m\u00f6chtest.<\/p><p>3. Wenn du eine One-Hand-L\u00f6sung ben\u00f6tigst f\u00fcr dein Marketing.<\/p>\t\t\t\t\t\t<\/div>\n\t\t\t\t<\/div>\n\t\t\t\t<div class=\"elementor-element elementor-element-5f39d92 elementor-widget elementor-widget-spacer\" data-id=\"5f39d92\" data-element_type=\"widget\" data-widget_type=\"spacer.default\">\n\t\t\t\t<div class=\"elementor-widget-container\">\n\t\t\t\t\t<div class=\"elementor-spacer\">\n\t\t\t<div class=\"elementor-spacer-inner\"><\/div>\n\t\t<\/div>\n\t\t\t\t<\/div>\n\t\t\t\t<\/div>\n\t\t\t\t<div class=\"elementor-element elementor-element-a1adde6 elementor-widget elementor-widget-breezycv-clients\" data-id=\"a1adde6\" data-element_type=\"widget\" data-widget_type=\"breezycv-clients.default\">\n\t\t\t\t<div class=\"elementor-widget-container\">\n\t\t\t<div class=\"block-title element-title\"><h2><span>Kunden<\/span><\/h2><\/div>\r\n\t\t<div id=\"clients_a1adde6\" class=\"clients owl-carousel loop-off autoplay-off\" data-mobile-items=\"2\" data-tablet-items=\"4\" data-items=\"5\"><div class=\"client-block\"><a href=\"www.zwergenstube-duesseldorf.com\" target=\"_blank\" title=\"Company 1\"><img decoding=\"async\" src=\"https:\/\/svenballmann.de\/wp-content\/uploads\/2024\/01\/Design-ohne-Titel1.png\" alt=\"Company 1\"><\/a><\/div><div class=\"client-block\"><a href=\"somnitec.ch\" target=\"_blank\" title=\"Company 3\"><img decoding=\"async\" src=\"https:\/\/svenballmann.de\/wp-content\/uploads\/2024\/01\/Design-ohne-Titel2.png\" alt=\"Company 3\"><\/a><\/div><\/div>\t\t<\/div>\n\t\t\t\t<\/div>\n\t\t\t\t\t<\/div>\n\t\t<\/div>\n\t\t\t\t\t\t\t<\/div>\n\t\t<\/section>\n\t\t\t\t<section class=\"elementor-section elementor-top-section elementor-element elementor-element-4af1044 elementor-section-boxed elementor-section-height-default elementor-section-height-default\" data-id=\"4af1044\" data-element_type=\"section\">\n\t\t\t\t\t\t<div class=\"elementor-container elementor-column-gap-default\">\n\t\t\t\t\t<div class=\"elementor-column elementor-col-100 elementor-top-column elementor-element elementor-element-4174134\" data-id=\"4174134\" data-element_type=\"column\">\n\t\t\t<div class=\"elementor-widget-wrap elementor-element-populated\">\n\t\t\t\t\t\t\t\t<div class=\"elementor-element elementor-element-e319793 elementor-widget elementor-widget-spacer\" data-id=\"e319793\" data-element_type=\"widget\" data-widget_type=\"spacer.default\">\n\t\t\t\t<div class=\"elementor-widget-container\">\n\t\t\t\t\t<div class=\"elementor-spacer\">\n\t\t\t<div class=\"elementor-spacer-inner\"><\/div>\n\t\t<\/div>\n\t\t\t\t<\/div>\n\t\t\t\t<\/div>\n\t\t\t\t<div class=\"elementor-element elementor-element-5c75bca elementor-widget elementor-widget-breezycv-block-title\" data-id=\"5c75bca\" data-element_type=\"widget\" data-widget_type=\"breezycv-block-title.default\">\n\t\t\t\t<div class=\"elementor-widget-container\">\n\t\t\t<div class=\"block-title\"><h2><span>Preise & Konditionen<\/span><\/h2><\/div>\t\t<\/div>\n\t\t\t\t<\/div>\n\t\t\t\t\t<\/div>\n\t\t<\/div>\n\t\t\t\t\t\t\t<\/div>\n\t\t<\/section>\n\t\t\t\t<section class=\"elementor-section elementor-top-section elementor-element elementor-element-4e8095a elementor-section-boxed elementor-section-height-default elementor-section-height-default\" data-id=\"4e8095a\" data-element_type=\"section\">\n\t\t\t\t\t\t<div class=\"elementor-container elementor-column-gap-default\">\n\t\t\t\t\t<div class=\"elementor-column elementor-col-50 elementor-top-column elementor-element elementor-element-1c0363a\" data-id=\"1c0363a\" data-element_type=\"column\">\n\t\t\t<div class=\"elementor-widget-wrap elementor-element-populated\">\n\t\t\t\t\t\t\t\t<div class=\"elementor-element elementor-element-8665419 elementor-widget elementor-widget-breezycv-pricing\" data-id=\"8665419\" data-element_type=\"widget\" data-widget_type=\"breezycv-pricing.default\">\n\t\t\t\t<div class=\"elementor-widget-container\">\n\t\t\t\t\t<div class=\"fw-pricing\">\r\n\t\t\t<div class=\"fw-package \">\r\n\t\t\t\t\t\t\t        <div class=\"fw-heading-row\">\r\n\t\t\t        \t<span>Kennenlernen<\/span>\r\n\t\t\t        <\/div>\r\n\t\t    \t\t\t        \r\n\t\t        <div class=\"fw-pricing-row\">\r\n\t\t        \t\t\t        \t<span>Kostenlos<\/span>\r\n\t\t        \t\r\n\t\t        \t\t\t        \t<small>einmalig<\/small>\r\n\t\t        \t\t\t        <\/div>\r\n\t\t        \r\n\t\t        \r\n\t\t\t        <div class=\"fw-button-row\">\r\n\t\t\t        \t<a href=\"https:\/\/svenballmann.de\/kontakt\/\"   class=\"btn btn-primary\">Termin vereinbaren<\/a>\r\n\t\t\t        <\/div>\r\n\t\t\t    \r\n\t\t\t    \r\n\t\t\t\t\t\t<div class=\"fw-default-row\">Gemeinsame Ploblemdefinition<\/div>\r\n\t\t\t\t\t\t\r\n\t\t\t\t\t\r\n\t\t\t\t\t\t<div class=\"fw-default-row\">Abstecken gemeinsamer Ziele<\/div>\r\n\t\t\t\t\t\t\r\n\t\t\t\t\t\r\n\t\t    <\/div>\r\n\t\t<\/div>\r\n\t    \t\t<\/div>\n\t\t\t\t<\/div>\n\t\t\t\t\t<\/div>\n\t\t<\/div>\n\t\t\t\t<div class=\"elementor-column elementor-col-50 elementor-top-column elementor-element elementor-element-3a6194d\" data-id=\"3a6194d\" data-element_type=\"column\">\n\t\t\t<div class=\"elementor-widget-wrap elementor-element-populated\">\n\t\t\t\t\t\t\t\t<div class=\"elementor-element elementor-element-9147377 elementor-widget elementor-widget-breezycv-pricing\" data-id=\"9147377\" data-element_type=\"widget\" data-widget_type=\"breezycv-pricing.default\">\n\t\t\t\t<div class=\"elementor-widget-container\">\n\t\t\t\t\t<div class=\"fw-pricing\">\r\n\t\t\t<div class=\"fw-package highlight\">\r\n\t\t\t\t\t\t\t        <div class=\"fw-heading-row\">\r\n\t\t\t        \t<span>Stundensatz &amp; Portfolio<\/span>\r\n\t\t\t        <\/div>\r\n\t\t    \t\t\t        \r\n\t\t        <div class=\"fw-pricing-row\">\r\n\t\t        \t\t\t        \t<span>120 \u20ac<\/span>\r\n\t\t        \t\r\n\t\t        \t\t\t        \t<small>pro Stunde<\/small>\r\n\t\t        \t\t\t        <\/div>\r\n\t\t        \r\n\t\t        \r\n\t\t\t        <div class=\"fw-button-row\">\r\n\t\t\t        \t<a href=\"https:\/\/svenballmann.de\/kontakt\/\"   class=\"btn btn-primary\">Angebot anfordern<\/a>\r\n\t\t\t        <\/div>\r\n\t\t\t    \r\n\t\t\t    \r\n\t\t\t\t\t\t<div class=\"fw-default-row\">Landingpage Erstellung \/ Optimierung<\/div>\r\n\t\t\t\t\t\t\r\n\t\t\t\t\t\r\n\t\t\t\t\t\t<div class=\"fw-default-row\">Websitekonzeption<\/div>\r\n\t\t\t\t\t\t\r\n\t\t\t\t\t\r\n\t\t\t\t\t\t<div class=\"fw-default-row\">Contenterstellung<\/div>\r\n\t\t\t\t\t\t\r\n\t\t\t\t\t\r\n\t\t\t\t\t\t<div class=\"fw-default-row\">Contentmanagement<\/div>\r\n\t\t\t\t\t\t\r\n\t\t\t\t\t\r\n\t\t\t\t\t\t<div class=\"fw-default-row\">Brandmanagement<\/div>\r\n\t\t\t\t\t\t\r\n\t\t\t\t\t\r\n\t\t    <\/div>\r\n\t\t<\/div>\r\n\t    \t\t<\/div>\n\t\t\t\t<\/div>\n\t\t\t\t\t<\/div>\n\t\t<\/div>\n\t\t\t\t\t\t\t<\/div>\n\t\t<\/section>\n\t\t\t\t<section class=\"elementor-section elementor-top-section elementor-element elementor-element-caccc95 elementor-section-boxed elementor-section-height-default elementor-section-height-default\" data-id=\"caccc95\" data-element_type=\"section\">\n\t\t\t\t\t\t<div class=\"elementor-container elementor-column-gap-default\">\n\t\t\t\t\t<div class=\"elementor-column elementor-col-100 elementor-top-column elementor-element elementor-element-0374f68\" data-id=\"0374f68\" data-element_type=\"column\">\n\t\t\t<div class=\"elementor-widget-wrap elementor-element-populated\">\n\t\t\t\t\t\t\t\t<div class=\"elementor-element elementor-element-5e14bc5 elementor-widget elementor-widget-spacer\" data-id=\"5e14bc5\" data-element_type=\"widget\" data-widget_type=\"spacer.default\">\n\t\t\t\t<div class=\"elementor-widget-container\">\n\t\t\t\t\t<div class=\"elementor-spacer\">\n\t\t\t<div class=\"elementor-spacer-inner\"><\/div>\n\t\t<\/div>\n\t\t\t\t<\/div>\n\t\t\t\t<\/div>\n\t\t\t\t\t<\/div>\n\t\t<\/div>\n\t\t\t\t\t\t\t<\/div>\n\t\t<\/section>\n\t\t\t\t<section class=\"elementor-section elementor-top-section elementor-element elementor-element-9615959 elementor-section-boxed elementor-section-height-default elementor-section-height-default\" data-id=\"9615959\" data-element_type=\"section\">\n\t\t\t\t\t\t<div class=\"elementor-container elementor-column-gap-default\">\n\t\t\t\t\t<div class=\"elementor-column elementor-col-100 elementor-top-column elementor-element elementor-element-c5bb75a\" data-id=\"c5bb75a\" data-element_type=\"column\">\n\t\t\t<div class=\"elementor-widget-wrap\">\n\t\t\t\t\t\t\t\t\t<\/div>\n\t\t<\/div>\n\t\t\t\t\t\t\t<\/div>\n\t\t<\/section>\n\t\t\t\t\t\t\t<\/div>\n\t\t","protected":false},"excerpt":{"rendered":"<p>Online Marketing Manager Online Sales Supporter Sven Ballmann Meine Kunden beauftragen mich, weil sie meine Vielf\u00e4ltigkeit und langj\u00e4hrige Expertise im Online Business sch\u00e4tzen. Ich bezeichne mich selber gerne als EIERLEGENE-WOLL-MILCH-SAU \ud83d\ude06 Wer sein Business gerade selber aufbaut, merkt schnell, wie viele Skills ben\u00f6tigt werden. Damit Du dir diese Skills nicht alle selber aneignen musst, halte&#8230;<\/p>\n<p><a class=\"read-more\" href=\"https:\/\/svenballmann.de\/startseite\/\">Read More<\/a><\/p>\n","protected":false},"author":1,"featured_media":172,"parent":0,"menu_order":0,"comment_status":"closed","ping_status":"closed","template":"","meta":{"footnotes":""},"_links":{"self":[{"href":"https:\/\/svenballmann.de\/startseite\/wp-json\/wp\/v2\/pages\/25"}],"collection":[{"href":"https:\/\/svenballmann.de\/startseite\/wp-json\/wp\/v2\/pages"}],"about":[{"href":"https:\/\/svenballmann.de\/startseite\/wp-json\/wp\/v2\/types\/page"}],"author":[{"embeddable":true,"href":"https:\/\/svenballmann.de\/startseite\/wp-json\/wp\/v2\/users\/1"}],"replies":[{"embeddable":true,"href":"https:\/\/svenballmann.de\/startseite\/wp-json\/wp\/v2\/comments?post=25"}],"version-history":[{"count":10,"href":"https:\/\/svenballmann.de\/startseite\/wp-json\/wp\/v2\/pages\/25\/revisions"}],"predecessor-version":[{"id":366,"href":"https:\/\/svenballmann.de\/startseite\/wp-json\/wp\/v2\/pages\/25\/revisions\/366"}],"wp:featuredmedia":[{"embeddable":true,"href":"https:\/\/svenballmann.de\/startseite\/wp-json\/wp\/v2\/media\/172"}],"wp:attachment":[{"href":"https:\/\/svenballmann.de\/startseite\/wp-json\/wp\/v2\/media?parent=25"}],"curies":[{"name":"wp","href":"https:\/\/api.w.org\/{rel}","templated":true}]}}