{"id":108,"date":"2020-06-11T12:15:12","date_gmt":"2020-06-11T12:15:12","guid":{"rendered":"https:\/\/svenballmann.de\/?page_id=108"},"modified":"2024-01-21T21:27:54","modified_gmt":"2024-01-21T20:27:54","slug":"kontakt","status":"publish","type":"page","link":"https:\/\/svenballmann.de\/startseite\/kontakt\/","title":{"rendered":"Kontakt"},"content":{"rendered":"\t\t<div data-elementor-type=\"wp-page\" data-elementor-id=\"108\" class=\"elementor elementor-108\">\n\t\t\t\t\t\t\t\t\t<section class=\"elementor-section elementor-top-section elementor-element elementor-element-d84101e elementor-section-boxed elementor-section-height-default elementor-section-height-default\" data-id=\"d84101e\" data-element_type=\"section\">\n\t\t\t\t\t\t<div class=\"elementor-container elementor-column-gap-default\">\n\t\t\t\t\t<div class=\"elementor-column elementor-col-33 elementor-top-column elementor-element elementor-element-f95ba90\" data-id=\"f95ba90\" data-element_type=\"column\">\n\t\t\t<div class=\"elementor-widget-wrap elementor-element-populated\">\n\t\t\t\t\t\t\t\t<div class=\"elementor-element elementor-element-20d201e elementor-widget elementor-widget-breezycv-info-block\" data-id=\"20d201e\" data-element_type=\"widget\" data-widget_type=\"breezycv-info-block.default\">\n\t\t\t\t<div class=\"elementor-widget-container\">\n\t\t\t\t\t<div class=\"lm-info-block gray-default\">\r\n\t        <i class=\"lnr lnr-map-marker\"><\/i>\r\n\t        <h4>D\u00fcsseldorf<\/h4>\r\n\t        <span class=\"lm-info-block-text\"><\/span>\r\n\t    <\/div>\r\n\r\n\t    \t\t<\/div>\n\t\t\t\t<\/div>\n\t\t\t\t<div class=\"elementor-element elementor-element-d90b8a5 elementor-widget elementor-widget-breezycv-info-block\" data-id=\"d90b8a5\" data-element_type=\"widget\" data-widget_type=\"breezycv-info-block.default\">\n\t\t\t\t<div class=\"elementor-widget-container\">\n\t\t\t\t\t<div class=\"lm-info-block gray-default\">\r\n\t        <i class=\"lnr lnr-phone-handset\"><\/i>\r\n\t        <h4>0152-28531264<\/h4>\r\n\t        <span class=\"lm-info-block-text\"><\/span>\r\n\t    <\/div>\r\n\r\n\t    \t\t<\/div>\n\t\t\t\t<\/div>\n\t\t\t\t<div class=\"elementor-element elementor-element-100ba65 elementor-widget elementor-widget-breezycv-info-block\" data-id=\"100ba65\" data-element_type=\"widget\" data-widget_type=\"breezycv-info-block.default\">\n\t\t\t\t<div class=\"elementor-widget-container\">\n\t\t\t\t\t<div class=\"lm-info-block gray-default\">\r\n\t        <i class=\"lnr lnr-envelope\"><\/i>\r\n\t        <h4>hallo@svenballmann.de<\/h4>\r\n\t        <span class=\"lm-info-block-text\"><\/span>\r\n\t    <\/div>\r\n\r\n\t    \t\t<\/div>\n\t\t\t\t<\/div>\n\t\t\t\t<div class=\"elementor-element elementor-element-d305522 elementor-widget elementor-widget-breezycv-info-block\" data-id=\"d305522\" data-element_type=\"widget\" data-widget_type=\"breezycv-info-block.default\">\n\t\t\t\t<div class=\"elementor-widget-container\">\n\t\t\t\t\t<div class=\"lm-info-block gray-default\">\r\n\t        <i class=\"lnr lnr-checkmark-circle\"><\/i>\r\n\t        <h4>Freelance Available<\/h4>\r\n\t        <span class=\"lm-info-block-text\"><\/span>\r\n\t    <\/div>\r\n\r\n\t    \t\t<\/div>\n\t\t\t\t<\/div>\n\t\t\t\t\t<\/div>\n\t\t<\/div>\n\t\t\t\t<div class=\"elementor-column elementor-col-66 elementor-top-column elementor-element elementor-element-2c0e821\" data-id=\"2c0e821\" data-element_type=\"column\">\n\t\t\t<div class=\"elementor-widget-wrap elementor-element-populated\">\n\t\t\t\t\t\t\t\t<div class=\"elementor-element elementor-element-bcb5f12 elementor-widget elementor-widget-google_maps\" data-id=\"bcb5f12\" data-element_type=\"widget\" data-widget_type=\"google_maps.default\">\n\t\t\t\t<div class=\"elementor-widget-container\">\n\t\t\t\t\t<div class=\"elementor-custom-embed\">\n\t\t\t<iframe loading=\"lazy\"\n\t\t\t\t\tsrc=\"https:\/\/maps.google.com\/maps?q=Gudastra%C3%9Fe%2011%2040625%20D%C3%BCsseldorf&#038;t=m&#038;z=16&#038;output=embed&#038;iwloc=near\"\n\t\t\t\t\ttitle=\"Gudastra\u00dfe 11 40625 D\u00fcsseldorf\"\n\t\t\t\t\taria-label=\"Gudastra\u00dfe 11 40625 D\u00fcsseldorf\"\n\t\t\t><\/iframe>\n\t\t<\/div>\n\t\t\t\t<\/div>\n\t\t\t\t<\/div>\n\t\t\t\t<div class=\"elementor-element elementor-element-cd090d9 elementor-widget elementor-widget-spacer\" data-id=\"cd090d9\" data-element_type=\"widget\" data-widget_type=\"spacer.default\">\n\t\t\t\t<div class=\"elementor-widget-container\">\n\t\t\t\t\t<div class=\"elementor-spacer\">\n\t\t\t<div class=\"elementor-spacer-inner\"><\/div>\n\t\t<\/div>\n\t\t\t\t<\/div>\n\t\t\t\t<\/div>\n\t\t\t\t<div class=\"elementor-element elementor-element-8f3c38b elementor-widget elementor-widget-breezycv-block-title\" data-id=\"8f3c38b\" data-element_type=\"widget\" data-widget_type=\"breezycv-block-title.default\">\n\t\t\t\t<div class=\"elementor-widget-container\">\n\t\t\t<div class=\"block-title\"><h2>Lasse gerne eine Nachricht f\u00fcr mich da. <span>Ich melde mich so schnell es geht zur\u00fcck!<\/span><\/h2><\/div>\t\t<\/div>\n\t\t\t\t<\/div>\n\t\t\t\t<div class=\"elementor-element elementor-element-abd94ce elementor-widget elementor-widget-spacer\" data-id=\"abd94ce\" data-element_type=\"widget\" data-widget_type=\"spacer.default\">\n\t\t\t\t<div class=\"elementor-widget-container\">\n\t\t\t\t\t<div class=\"elementor-spacer\">\n\t\t\t<div class=\"elementor-spacer-inner\"><\/div>\n\t\t<\/div>\n\t\t\t\t<\/div>\n\t\t\t\t<\/div>\n\t\t\t\t<div class=\"elementor-element elementor-element-afbe591 elementor-widget elementor-widget-breezycv-contact-form-simple\" data-id=\"afbe591\" data-element_type=\"widget\" data-widget_type=\"breezycv-contact-form-simple.default\">\n\t\t\t\t<div class=\"elementor-widget-container\">\n\t\t\t\r\n\t\t\t<form id=\"contact_form_69da69f65e32c\" class=\"contact-form\" action=\"#\" method=\"post\">\r\n\r\n\t\t\t\t<div class=\"messages\"><\/div>\r\n\r\n\t\t\t\t<div class=\"controls two-columns\">\r\n\t\t\t\t\t<div class=\"fields clearfix\">\r\n\t\t\t\t\t\t<div class=\"left-column\">\r\n\t\t\t\t\t\t\t<div class=\"form-group form-group-with-icon\">\r\n\t\t\t\t\t\t\t\t<input id=\"form_name\" type=\"text\" name=\"name\" class=\"form-control\" placeholder=\"\" required=\"required\" data-error=\"Name is required.\">\r\n\t\t\t\t\t\t\t\t<label>Full Name<\/label>\r\n\t\t\t\t\t\t\t\t<div class=\"form-control-border\"><\/div>\r\n\t\t\t\t\t\t\t\t<div class=\"help-block with-errors\"><\/div>\r\n\t\t\t\t\t\t\t<\/div>\r\n\r\n\t\t\t\t\t\t\t<div class=\"form-group form-group-with-icon\">\r\n\t\t\t\t\t\t\t\t<input id=\"form_email\" type=\"email\" name=\"email\" class=\"form-control\" placeholder=\"\" required=\"required\" data-error=\"Valid email is required.\">\r\n\t\t\t\t\t\t\t\t<label>Email Address<\/label>\r\n\t\t\t\t\t\t\t\t<div class=\"form-control-border\"><\/div>\r\n\t\t\t\t\t\t\t\t<div class=\"help-block with-errors\"><\/div>\r\n\t\t\t\t\t\t\t<\/div>\r\n\r\n\t\t\t\t\t\t\t<div class=\"form-group form-group-with-icon\">\r\n\t\t\t\t\t\t\t\t<input id=\"form_subject\" type=\"text\" name=\"subject\" class=\"form-control\" placeholder=\"\" required=\"required\" data-error=\"Subject is required.\">\r\n\t\t\t\t\t\t\t\t<label>Subject<\/label>\r\n\t\t\t\t\t\t\t\t<div class=\"form-control-border\"><\/div>\r\n\t\t\t\t\t\t\t\t<div class=\"help-block with-errors\"><\/div>\r\n\t\t\t\t\t\t\t<\/div>\r\n\t\t\t\t\t\t<\/div>\r\n\t\t\t\t\t\t<div class=\"right-column\">\r\n\t\t\t\t\t\t\t<div class=\"form-group form-group-with-icon\">\r\n\t\t\t\t\t\t\t\t<textarea id=\"form_message\" name=\"message\" class=\"form-control\" placeholder=\"\" rows=\"7\" required=\"required\" data-error=\"Please, leave me a message.\"><\/textarea>\r\n\t\t\t\t\t\t\t\t<label>Message<\/label>\r\n\t\t\t\t\t\t\t\t<div class=\"form-control-border\"><\/div>\r\n\t\t\t\t\t\t\t\t<div class=\"help-block with-errors\"><\/div>\r\n\t\t\t\t\t\t\t<\/div>\r\n\t\t\t\t\t\t<\/div>\r\n\t\t\t\t\t<\/div>\r\n\r\n\t\t\t\t\t\r\n\t\t\t\t\t\t\t\t\t\t\t\t\t\t\t\t\t\t\t<div class=\"g-recaptcha\" data-sitekey=\"6LdqmCAUAAAAAMMNEZvn6g4W5e0or2sZmAVpxVqI\"><\/div>\r\n\t\t\t\t\t\t\t\r\n\t\t\t\t\t<input type=\"submit\" class=\"button btn-send\" value=\"Send message\">\r\n\t\t\t\t<\/div>\r\n\t\t\t<\/form>\r\n\r\n\t\t\t\t\t<\/div>\n\t\t\t\t<\/div>\n\t\t\t\t\t<\/div>\n\t\t<\/div>\n\t\t\t\t\t\t\t<\/div>\n\t\t<\/section>\n\t\t\t\t\t\t\t<\/div>\n\t\t","protected":false},"excerpt":{"rendered":"<p>D\u00fcsseldorf 0152-28531264 hallo@svenballmann.de Freelance Available Lasse gerne eine Nachricht f\u00fcr mich da. Ich melde mich so schnell es geht zur\u00fcck! Full Name Email Address Subject Message<\/p>\n","protected":false},"author":1,"featured_media":0,"parent":0,"menu_order":0,"comment_status":"closed","ping_status":"closed","template":"","meta":{"footnotes":""},"_links":{"self":[{"href":"https:\/\/svenballmann.de\/startseite\/wp-json\/wp\/v2\/pages\/108"}],"collection":[{"href":"https:\/\/svenballmann.de\/startseite\/wp-json\/wp\/v2\/pages"}],"about":[{"href":"https:\/\/svenballmann.de\/startseite\/wp-json\/wp\/v2\/types\/page"}],"author":[{"embeddable":true,"href":"https:\/\/svenballmann.de\/startseite\/wp-json\/wp\/v2\/users\/1"}],"replies":[{"embeddable":true,"href":"https:\/\/svenballmann.de\/startseite\/wp-json\/wp\/v2\/comments?post=108"}],"version-history":[{"count":10,"href":"https:\/\/svenballmann.de\/startseite\/wp-json\/wp\/v2\/pages\/108\/revisions"}],"predecessor-version":[{"id":334,"href":"https:\/\/svenballmann.de\/startseite\/wp-json\/wp\/v2\/pages\/108\/revisions\/334"}],"wp:attachment":[{"href":"https:\/\/svenballmann.de\/startseite\/wp-json\/wp\/v2\/media?parent=108"}],"curies":[{"name":"wp","href":"https:\/\/api.w.org\/{rel}","templated":true}]}}